{"id":221,"date":"2024-07-10T20:14:03","date_gmt":"2024-07-10T18:14:03","guid":{"rendered":"https:\/\/etikpromotion.com\/?page_id=221"},"modified":"2024-07-10T20:25:52","modified_gmt":"2024-07-10T18:25:52","slug":"promoteur-local","status":"publish","type":"page","link":"https:\/\/etikpromotion.com\/index.php\/promoteur-local\/","title":{"rendered":"PROMOTEUR LOCAL"},"content":{"rendered":"<p>[et_pb_section fb_built=\u00a0\u00bb1&Prime; _builder_version=\u00a0\u00bb4.26.0&Prime; _module_preset=\u00a0\u00bbdefault\u00a0\u00bb global_colors_info=\u00a0\u00bb{}\u00a0\u00bb][et_pb_row _builder_version=\u00a0\u00bb4.26.0&Prime; _module_preset=\u00a0\u00bbdefault\u00a0\u00bb width=\u00a0\u00bb100%\u00a0\u00bb max_width=\u00a0\u00bb80%\u00a0\u00bb global_colors_info=\u00a0\u00bb{}\u00a0\u00bb][et_pb_column type=\u00a0\u00bb4_4&Prime; _builder_version=\u00a0\u00bb4.26.0&Prime; _module_preset=\u00a0\u00bbdefault\u00a0\u00bb global_colors_info=\u00a0\u00bb{}\u00a0\u00bb][et_pb_post_title meta=\u00a0\u00bboff\u00a0\u00bb featured_image=\u00a0\u00bboff\u00a0\u00bb _builder_version=\u00a0\u00bb4.26.0&Prime; _module_preset=\u00a0\u00bbdefault\u00a0\u00bb global_colors_info=\u00a0\u00bb{}\u00a0\u00bb][\/et_pb_post_title][\/et_pb_column][\/et_pb_row][et_pb_row column_structure=\u00a0\u00bb3_5,2_5&Prime; _builder_version=\u00a0\u00bb4.26.0&Prime; _module_preset=\u00a0\u00bbdefault\u00a0\u00bb width=\u00a0\u00bb100%\u00a0\u00bb max_width=\u00a0\u00bb80%\u00a0\u00bb global_colors_info=\u00a0\u00bb{}\u00a0\u00bb][et_pb_column type=\u00a0\u00bb3_5&Prime; _builder_version=\u00a0\u00bb4.26.0&Prime; _module_preset=\u00a0\u00bbdefault\u00a0\u00bb global_colors_info=\u00a0\u00bb{}\u00a0\u00bb][et_pb_text _builder_version=\u00a0\u00bb4.26.0&Prime; _module_preset=\u00a0\u00bbdefault\u00a0\u00bb custom_padding=\u00a0\u00bb0px|||||\u00a0\u00bb inline_fonts=\u00a0\u00bbAdvent Pro,ABeeZee\u00a0\u00bb global_colors_info=\u00a0\u00bb{}\u00a0\u00bb]<\/p>\n<p><span style=\"font-size: medium; font-family: inherit; font-weight: normal;\">Implant\u00e9e \u00e0 Romainville depuis sa cr\u00e9ation en 2011, <strong>ETIK Promotion<\/strong> \u00e9labore en lien avec ETIK Immo, acteur majeur de l\u2019immobilier local (LES LILAS, ROMAINVILLE, NOISY LE SEC), des projets de r\u00e9habilitation lourde et de constructions nouvelles visant une haute qualit\u00e9 environnementale.<\/span><\/p>\n<p><span style=\"font-size: medium; font-family: inherit; font-weight: normal;\">ETIK promotion fait le choix d\u2019une \u00e9criture architecturale soign\u00e9e, tant par leurs formes que par leurs proportions, et veille \u00e0 leur insertion harmonieuse dans l\u2019environnement.\u00a0 Ces r\u00e9alisations \u00e0 taille humaine, agr\u00e9ment\u00e9es d&rsquo;espaces verts partag\u00e9s (potagers, jardins arbor\u00e9s), permettent de cr\u00e9er un cadre de vie privil\u00e9gi\u00e9, en favorisant le lien social entre les habitants<\/span><\/p>\n<p>[\/et_pb_text][\/et_pb_column][et_pb_column type=\u00a0\u00bb2_5&Prime; _builder_version=\u00a0\u00bb4.26.0&Prime; _module_preset=\u00a0\u00bbdefault\u00a0\u00bb global_colors_info=\u00a0\u00bb{}\u00a0\u00bb][et_pb_image src=\u00a0\u00bbhttps:\/\/etikpromotion.com\/wp-content\/uploads\/2024\/07\/Plan.png\u00a0\u00bb title_text=\u00a0\u00bbPlan\u00a0\u00bb _builder_version=\u00a0\u00bb4.26.0&Prime; _module_preset=\u00a0\u00bbdefault\u00a0\u00bb global_colors_info=\u00a0\u00bb{}\u00a0\u00bb][\/et_pb_image][\/et_pb_column][\/et_pb_row][et_pb_row column_structure=\u00a0\u00bb1_2,1_2&Prime; _builder_version=\u00a0\u00bb4.26.0&Prime; _module_preset=\u00a0\u00bbdefault\u00a0\u00bb custom_padding=\u00a0\u00bb13px|||||\u00a0\u00bb global_colors_info=\u00a0\u00bb{}\u00a0\u00bb][et_pb_column type=\u00a0\u00bb1_2&Prime; _builder_version=\u00a0\u00bb4.26.0&Prime; _module_preset=\u00a0\u00bbdefault\u00a0\u00bb global_colors_info=\u00a0\u00bb{}\u00a0\u00bb][et_pb_text _builder_version=\u00a0\u00bb4.26.0&Prime; _module_preset=\u00a0\u00bbdefault\u00a0\u00bb global_colors_info=\u00a0\u00bb{}\u00a0\u00bb]<\/p>\n<p><span style=\"font-size: medium;\"><strong>ETIK Promotion d\u00e9veloppe des projets \u00e0 taille humaine<\/strong><\/span><\/p>\n<p>Ainsi, tout en imaginant des logements bien proportionn\u00e9es, nous sommes aussi sensibles \u00e0 l&rsquo;am\u00e9nagement des espaces communs pour le confort et la qualit\u00e9 de vie des habitants.<\/p>\n<p><span style=\"font-size: medium;\"><strong>Pour r\u00e9pondre aux besoins locaux en lien avec des partenaires de proximit\u00e9<\/strong><\/span><\/p>\n<p>Les projets immobiliers \u00e9maillent\u00a0 notre parcours de vie\u00a0 : s\u2019installer, s\u2019agrandir, investir\u2026 <strong>ETIK Promotion<\/strong> accompagne ces chemins de vie en \u00e9coutant les envies et en respectant les diff\u00e9rences. <strong>ETIK Promotion<\/strong> offre la possibilit\u00e9 de personnaliser ses logements.<\/p>\n<p>Nos projets de construction associent \u00e9galement des \u00e9quipements d\u2019utilit\u00e9 sociale tel que des cr\u00e8ches avec notre partenaire <strong>KIDOM\u2019S<\/strong> et des commerces contribuant ainsi \u00e0 un am\u00e9nagement du territoire.<\/p>\n<p><strong>ETIK Promotion<\/strong> a su tisser des relations de confiance avec les acteurs locaux et choisit de s\u2019entourer des meilleures entreprises locales pour la r\u00e9alisation de ses chantiers. C\u2019est aussi de cette fa\u00e7on que nous participons \u00e0 la dynamique \u00e9conomique locale.<\/p>\n<p>[\/et_pb_text][\/et_pb_column][et_pb_column type=\u00a0\u00bb1_2&Prime; _builder_version=\u00a0\u00bb4.26.0&Prime; _module_preset=\u00a0\u00bbdefault\u00a0\u00bb global_colors_info=\u00a0\u00bb{}\u00a0\u00bb][et_pb_text _builder_version=\u00a0\u00bb4.26.0&Prime; _module_preset=\u00a0\u00bbdefault\u00a0\u00bb global_colors_info=\u00a0\u00bb{}\u00a0\u00bb]<\/p>\n<p><span style=\"font-size: medium;\"><strong>Et valoriser les espaces verts<\/strong><\/span><\/p>\n<p><strong>ETIK Promotion<\/strong> valorise et d\u00e9veloppe les espaces de bio diversit\u00e9 afin d\u2019int\u00e9grer dans ses projets un cadre verdoyant.<\/p>\n<p>Chaque projet propose une r\u00e9flexion sur l\u2019entretien et les usages de ces espaces verts.\u00a0Les toitures peuvent \u00e9galement \u00eatre v\u00e9g\u00e9talis\u00e9es et contribuent \u00e0 une isolation naturelle des b\u00e2timents.<\/p>\n<p>L\u2019am\u00e9nagement de ces espaces verts est r\u00e9alis\u00e9 par des entreprises sp\u00e9cialistes et des paysagistes.<\/p>\n<p>[\/et_pb_text][\/et_pb_column][\/et_pb_row][\/et_pb_section]<\/p>\n","protected":false},"excerpt":{"rendered":"<p>Implant\u00e9e \u00e0 Romainville depuis sa cr\u00e9ation en 2011, ETIK Promotion \u00e9labore en lien avec ETIK Immo, acteur majeur de l\u2019immobilier local (LES LILAS, ROMAINVILLE, NOISY LE SEC), des projets de r\u00e9habilitation lourde et de constructions nouvelles visant une haute qualit\u00e9 environnementale. ETIK promotion fait le choix d\u2019une \u00e9criture architecturale soign\u00e9e, tant par leurs formes que [&hellip;]<\/p>\n","protected":false},"author":1,"featured_media":0,"parent":0,"menu_order":0,"comment_status":"closed","ping_status":"closed","template":"","meta":{"_et_pb_use_builder":"on","_et_pb_old_content":"","_et_gb_content_width":"","footnotes":""},"class_list":["post-221","page","type-page","status-publish","hentry"],"_links":{"self":[{"href":"https:\/\/etikpromotion.com\/index.php\/wp-json\/wp\/v2\/pages\/221","targetHints":{"allow":["GET"]}}],"collection":[{"href":"https:\/\/etikpromotion.com\/index.php\/wp-json\/wp\/v2\/pages"}],"about":[{"href":"https:\/\/etikpromotion.com\/index.php\/wp-json\/wp\/v2\/types\/page"}],"author":[{"embeddable":true,"href":"https:\/\/etikpromotion.com\/index.php\/wp-json\/wp\/v2\/users\/1"}],"replies":[{"embeddable":true,"href":"https:\/\/etikpromotion.com\/index.php\/wp-json\/wp\/v2\/comments?post=221"}],"version-history":[{"count":5,"href":"https:\/\/etikpromotion.com\/index.php\/wp-json\/wp\/v2\/pages\/221\/revisions"}],"predecessor-version":[{"id":228,"href":"https:\/\/etikpromotion.com\/index.php\/wp-json\/wp\/v2\/pages\/221\/revisions\/228"}],"wp:attachment":[{"href":"https:\/\/etikpromotion.com\/index.php\/wp-json\/wp\/v2\/media?parent=221"}],"curies":[{"name":"wp","href":"https:\/\/api.w.org\/{rel}","templated":true}]}}