{"id":236,"date":"2024-07-10T21:12:31","date_gmt":"2024-07-10T19:12:31","guid":{"rendered":"https:\/\/etikpromotion.com\/?page_id=236"},"modified":"2024-07-10T21:24:01","modified_gmt":"2024-07-10T19:24:01","slug":"nos-engagements","status":"publish","type":"page","link":"https:\/\/etikpromotion.com\/index.php\/nos-engagements\/","title":{"rendered":"NOS ENGAGEMENTS"},"content":{"rendered":"<p>[et_pb_section fb_built=\u00a0\u00bb1&Prime; _builder_version=\u00a0\u00bb4.26.0&Prime; _module_preset=\u00a0\u00bbdefault\u00a0\u00bb global_colors_info=\u00a0\u00bb{}\u00a0\u00bb][et_pb_row _builder_version=\u00a0\u00bb4.26.0&Prime; _module_preset=\u00a0\u00bbdefault\u00a0\u00bb width=\u00a0\u00bb100%\u00a0\u00bb max_width=\u00a0\u00bb80%\u00a0\u00bb global_colors_info=\u00a0\u00bb{}\u00a0\u00bb][et_pb_column type=\u00a0\u00bb4_4&Prime; _builder_version=\u00a0\u00bb4.26.0&Prime; _module_preset=\u00a0\u00bbdefault\u00a0\u00bb global_colors_info=\u00a0\u00bb{}\u00a0\u00bb][et_pb_post_title meta=\u00a0\u00bboff\u00a0\u00bb featured_image=\u00a0\u00bboff\u00a0\u00bb _builder_version=\u00a0\u00bb4.26.0&Prime; _module_preset=\u00a0\u00bbdefault\u00a0\u00bb global_colors_info=\u00a0\u00bb{}\u00a0\u00bb][\/et_pb_post_title][\/et_pb_column][\/et_pb_row][et_pb_row column_structure=\u00a0\u00bb1_2,1_2&Prime; _builder_version=\u00a0\u00bb4.26.0&Prime; _module_preset=\u00a0\u00bbdefault\u00a0\u00bb width=\u00a0\u00bb100%\u00a0\u00bb max_width=\u00a0\u00bb80%\u00a0\u00bb global_colors_info=\u00a0\u00bb{}\u00a0\u00bb custom_padding=\u00a0\u00bb33px|||||\u00a0\u00bb][et_pb_column type=\u00a0\u00bb1_2&Prime; _builder_version=\u00a0\u00bb4.26.0&Prime; _module_preset=\u00a0\u00bbdefault\u00a0\u00bb global_colors_info=\u00a0\u00bb{}\u00a0\u00bb][et_pb_text _builder_version=\u00a0\u00bb4.26.0&Prime; _module_preset=\u00a0\u00bbdefault\u00a0\u00bb custom_padding=\u00a0\u00bb0px|||||\u00a0\u00bb hover_enabled=\u00a0\u00bb0&Prime; inline_fonts=\u00a0\u00bbAdvent Pro,ABeeZee\u00a0\u00bb global_colors_info=\u00a0\u00bb{}\u00a0\u00bb sticky_enabled=\u00a0\u00bb0&Prime; custom_margin=\u00a0\u00bb-28px|||||\u00a0\u00bb text_text_color=\u00a0\u00bb#9abc14&Prime; text_font_size=\u00a0\u00bb22px\u00a0\u00bb text_font=\u00a0\u00bb|700|||||||\u00a0\u00bb]<\/p>\n<p>\u2026 Avec l\u2019engagement environnemental au c\u0153ur<\/p>\n<p>[\/et_pb_text][\/et_pb_column][et_pb_column type=\u00a0\u00bb1_2&Prime; _builder_version=\u00a0\u00bb4.26.0&Prime; _module_preset=\u00a0\u00bbdefault\u00a0\u00bb global_colors_info=\u00a0\u00bb{}\u00a0\u00bb][et_pb_image src=\u00a0\u00bbhttps:\/\/etikpromotion.com\/wp-content\/uploads\/2024\/07\/conformert2012.jpg\u00a0\u00bb _builder_version=\u00a0\u00bb4.26.0&Prime; _module_preset=\u00a0\u00bbdefault\u00a0\u00bb title_text=\u00a0\u00bbconformert2012&Prime; width=\u00a0\u00bb38%\u00a0\u00bb module_alignment=\u00a0\u00bbleft\u00a0\u00bb hover_enabled=\u00a0\u00bb0&Prime; sticky_enabled=\u00a0\u00bb0&Prime; custom_margin=\u00a0\u00bb-28px||||false|false\u00a0\u00bb][\/et_pb_image][\/et_pb_column][\/et_pb_row][et_pb_row column_structure=\u00a0\u00bb1_2,1_2&Prime; _builder_version=\u00a0\u00bb4.26.0&Prime; _module_preset=\u00a0\u00bbdefault\u00a0\u00bb custom_padding=\u00a0\u00bb13px|||||\u00a0\u00bb global_colors_info=\u00a0\u00bb{}\u00a0\u00bb][et_pb_column type=\u00a0\u00bb1_2&Prime; _builder_version=\u00a0\u00bb4.26.0&Prime; _module_preset=\u00a0\u00bbdefault\u00a0\u00bb global_colors_info=\u00a0\u00bb{}\u00a0\u00bb][et_pb_text _builder_version=\u00a0\u00bb4.26.0&Prime; _module_preset=\u00a0\u00bbdefault\u00a0\u00bb hover_enabled=\u00a0\u00bb0&Prime; global_colors_info=\u00a0\u00bb{}\u00a0\u00bb sticky_enabled=\u00a0\u00bb0&Prime;]<\/p>\n<p><strong>ETIK Promotion<\/strong> r\u00e9habilite et construit des b\u00e2timents durables avec une vision \u00e9cologique affirm\u00e9e ax\u00e9e sur une r\u00e9flexion associant<br \/>la performance thermique des B\u00e2timents selon les normes mises en \u0153uvre depuis le Grenelle de l\u2019Environnement ainsi qu\u2019une r\u00e9duction de l\u2019\u00e9nergie grise.<\/p>\n<p>Ce concept d\u2019\u00e9nergie grise dont l\u2019int\u00e9r\u00eat est d\u2019appr\u00e9hender le cycle de vie des b\u00e2timents est consid\u00e9r\u00e9 par ETIK Promotion tant dans le cadre de la phase de conception des projets avec ses architectes que par les choix op\u00e9r\u00e9s en phase chantier.<\/p>\n<p>[\/et_pb_text][et_pb_image src=\u00a0\u00bbhttps:\/\/etikpromotion.com\/wp-content\/uploads\/2024\/07\/etik-environnement.jpg\u00a0\u00bb _builder_version=\u00a0\u00bb4.26.0&Prime; _module_preset=\u00a0\u00bbdefault\u00a0\u00bb title_text=\u00a0\u00bbetik-environnement\u00a0\u00bb hover_enabled=\u00a0\u00bb0&Prime; sticky_enabled=\u00a0\u00bb0&Prime;][\/et_pb_image][\/et_pb_column][et_pb_column type=\u00a0\u00bb1_2&Prime; _builder_version=\u00a0\u00bb4.26.0&Prime; _module_preset=\u00a0\u00bbdefault\u00a0\u00bb global_colors_info=\u00a0\u00bb{}\u00a0\u00bb][et_pb_text _builder_version=\u00a0\u00bb4.26.0&Prime; _module_preset=\u00a0\u00bbdefault\u00a0\u00bb hover_enabled=\u00a0\u00bb0&Prime; global_colors_info=\u00a0\u00bb{}\u00a0\u00bb sticky_enabled=\u00a0\u00bb0&Prime;]<\/p>\n<p>Les travaux de r\u00e9habilitation contribuent \u00e0 r\u00e9duire l\u2019\u00e9nergie grise du fait de la conservation d\u2019un existant lors des projets de construction de b\u00e2timents.<\/p>\n<p><strong>ETIK Pomotion<\/strong> s\u2019attache \u00e0 pr\u00e9server des \u00e9l\u00e9ments remarquables tels que des cours pav\u00e9es, certains murs, des arbres\u2026<\/p>\n<p>Concernant les constructions neuves les axes sont les suivants :<\/p>\n<ul>\n<li>Conception des projets visant l\u2019optimisation des apports solaires passifs : l\u2019\u00e9nergie non consomm\u00e9e est la plus \u00e9cologique !<\/li>\n<li>Choix de mat\u00e9riaux de construction avec le plus faible impact de consommation d\u2019\u00e9nergie en phase de fabrication (ex : briques Porotherm, pierre ponce, bois&#8230;),<\/li>\n<li>R\u00e9duction, gestion et tri des d\u00e9chets de chantier,<\/li>\n<li>S\u00e9lection d\u2019entreprises locales permettant de limiter les d\u00e9placements,<\/li>\n<li>R\u00e9flexion sur une ma\u00eetrise des co\u00fbts d\u2019exploitation des b\u00e2timents : ce sujet essentiel pour ETIK Promotion vise \u00e0 \u00e9tudier ses projets en phase amont de fa\u00e7on \u00e0 limiter les travaux d\u2019entretien et \u00e0 optimiser les charges de copropri\u00e9t\u00e9 (ex : enduit de fa\u00e7ade de couleur non salissante, pas d\u2019ascenseur dans les b\u00e2timents &lt; 3 \u00e9tages \u2026).<\/li>\n<\/ul>\n<p>[\/et_pb_text][\/et_pb_column][\/et_pb_row][\/et_pb_section]<\/p>\n","protected":false},"excerpt":{"rendered":"<p>\u2026 Avec l\u2019engagement environnemental au c\u0153urETIK Promotion r\u00e9habilite et construit des b\u00e2timents durables avec une vision \u00e9cologique affirm\u00e9e ax\u00e9e sur une r\u00e9flexion associantla performance thermique des B\u00e2timents selon les normes mises en \u0153uvre depuis le Grenelle de l\u2019Environnement ainsi qu\u2019une r\u00e9duction de l\u2019\u00e9nergie grise. Ce concept d\u2019\u00e9nergie grise dont l\u2019int\u00e9r\u00eat est d\u2019appr\u00e9hender le cycle de [&hellip;]<\/p>\n","protected":false},"author":1,"featured_media":0,"parent":0,"menu_order":0,"comment_status":"closed","ping_status":"closed","template":"","meta":{"_et_pb_use_builder":"on","_et_pb_old_content":"","_et_gb_content_width":"","footnotes":""},"class_list":["post-236","page","type-page","status-publish","hentry"],"_links":{"self":[{"href":"https:\/\/etikpromotion.com\/index.php\/wp-json\/wp\/v2\/pages\/236","targetHints":{"allow":["GET"]}}],"collection":[{"href":"https:\/\/etikpromotion.com\/index.php\/wp-json\/wp\/v2\/pages"}],"about":[{"href":"https:\/\/etikpromotion.com\/index.php\/wp-json\/wp\/v2\/types\/page"}],"author":[{"embeddable":true,"href":"https:\/\/etikpromotion.com\/index.php\/wp-json\/wp\/v2\/users\/1"}],"replies":[{"embeddable":true,"href":"https:\/\/etikpromotion.com\/index.php\/wp-json\/wp\/v2\/comments?post=236"}],"version-history":[{"count":3,"href":"https:\/\/etikpromotion.com\/index.php\/wp-json\/wp\/v2\/pages\/236\/revisions"}],"predecessor-version":[{"id":242,"href":"https:\/\/etikpromotion.com\/index.php\/wp-json\/wp\/v2\/pages\/236\/revisions\/242"}],"wp:attachment":[{"href":"https:\/\/etikpromotion.com\/index.php\/wp-json\/wp\/v2\/media?parent=236"}],"curies":[{"name":"wp","href":"https:\/\/api.w.org\/{rel}","templated":true}]}}