{"id":259,"date":"2024-07-10T22:39:11","date_gmt":"2024-07-10T20:39:11","guid":{"rendered":"https:\/\/etikpromotion.com\/?page_id=259"},"modified":"2024-07-16T22:37:26","modified_gmt":"2024-07-16T20:37:26","slug":"mentions-legales","status":"publish","type":"page","link":"https:\/\/etikpromotion.com\/index.php\/mentions-legales\/","title":{"rendered":"Mentions l\u00e9gales"},"content":{"rendered":"<p>[et_pb_section fb_built=\u00a0\u00bb1&Prime; _builder_version=\u00a0\u00bb4.26.0&Prime; _module_preset=\u00a0\u00bbdefault\u00a0\u00bb global_colors_info=\u00a0\u00bb{}\u00a0\u00bb][et_pb_row _builder_version=\u00a0\u00bb4.26.0&Prime; _module_preset=\u00a0\u00bbdefault\u00a0\u00bb width=\u00a0\u00bb100%\u00a0\u00bb max_width=\u00a0\u00bb80%\u00a0\u00bb global_colors_info=\u00a0\u00bb{}\u00a0\u00bb][et_pb_column type=\u00a0\u00bb4_4&Prime; _builder_version=\u00a0\u00bb4.26.0&Prime; _module_preset=\u00a0\u00bbdefault\u00a0\u00bb global_colors_info=\u00a0\u00bb{}\u00a0\u00bb][et_pb_post_title meta=\u00a0\u00bboff\u00a0\u00bb featured_image=\u00a0\u00bboff\u00a0\u00bb _builder_version=\u00a0\u00bb4.26.0&Prime; _module_preset=\u00a0\u00bbdefault\u00a0\u00bb global_colors_info=\u00a0\u00bb{}\u00a0\u00bb][\/et_pb_post_title][et_pb_text _builder_version=\u00a0\u00bb4.26.0&Prime; _module_preset=\u00a0\u00bbdefault\u00a0\u00bb global_colors_info=\u00a0\u00bb{}\u00a0\u00bb]<\/p>\n<h3><span>\u00a0\u00c9diteur du site<\/span><\/h3>\n<p><span>EtiK Promotion<br \/>Si\u00e8ge social : 84 avenue de Verdun &#8211; 93230 ROMAINVILLE<br \/><\/span><span><\/span><\/p>\n<div><span><\/span><\/div>\n<div>\n<h3><span><\/span><\/h3>\n<h3><span>Conception<\/span><\/h3>\n<p><span>Le site est con\u00e7u avec le CMS WordPress<\/span><\/p>\n<\/div>\n<div><\/div>\n<h3><span><\/span><\/h3>\n<h3><span><\/span><\/h3>\n<h3><span>H\u00e9bergement\u00a0<\/span><\/h3>\n<p><span>La plate-forme technique est fournie par OVH Groupe SA , Si\u00e8ge social : 2 rue Kellermann &#8211; 59100 Roubaix &#8211; France (https:\/\/www.ovhcloud.com\/fr\/)<\/span><\/p>\n<h3><span>Loi informatique et libert\u00e9s<\/span><\/h3>\n<p><span>Conform\u00e9ment \u00e0 la loi Informatique et libert\u00e9s du 6 janvier 1978, les internautes dont les donn\u00e9es personnelles sont trait\u00e9es par la soci\u00e9t\u00e9 ETIK Promotion ont le droit d&rsquo;acc\u00e9der \u00e0 leurs donn\u00e9es et le droit de demander la rectification, la mise \u00e0 jour et la suppression de leurs donn\u00e9es personnelles en \u00e9crivant \u00e0 l&rsquo;adresse postale de l&rsquo;\u00e9diteur du site.<br \/><\/span><span><\/span><\/p>\n<h3><span>Donn\u00e9es personnelles<\/span><\/h3>\n<p><span>Les donn\u00e9es personnelles sont conserv\u00e9es pour une dur\u00e9e ind\u00e9termin\u00e9e et, le cas \u00e9ch\u00e9ant, jusqu&rsquo;\u00e0 ce que l&rsquo;internaute fasse une demande de retrait. Les informations nominatives ne sont jamais transmises \u00e0 des tiers.<\/span><span><\/span><\/p>\n<h3><span>Cookies<\/span><\/h3>\n<p><span>Les cookies utilis\u00e9s sur ce site ne sont utilis\u00e9s qu&rsquo;\u00e0 des fins statistiques, ne comportent aucune information \u00e0 caract\u00e8re priv\u00e9 et ne permettent pas d&rsquo;identifier l&rsquo;internaute. La dur\u00e9e de conservation des cookies est de 1 an.<\/span><span><\/span><\/p>\n<h3><span>Propri\u00e9t\u00e9 intellectuelle<\/span><\/h3>\n<p><span>L\u2019ensemble de ce site rel\u00e8ve de la l\u00e9gislation fran\u00e7aise et internationale sur le droit d\u2019auteur et la propri\u00e9t\u00e9 intellectuelle. Tous les droits de reproduction sont r\u00e9serv\u00e9s. La reproduction ou repr\u00e9sentation, int\u00e9grale ou partielle, de ce site sur un support \u00e9lectronique ou tout autre support quel qu&rsquo;il soit est formellement interdite sauf autorisation expresse du directeur de publication.<\/span><span><\/span><\/p>\n<h3><span>Force majeure<\/span><\/h3>\n<p><span>La responsabilit\u00e9 de l&rsquo;\u00e9diteur du site ne pourra \u00eatre engag\u00e9e en cas de force majeure ou de faits ind\u00e9pendants de sa volont\u00e9.<\/span><span><\/span><\/p>\n<h3><span>Modifications des mentions l\u00e9gales<br \/><\/span><\/h3>\n<p><span>L\u2019\u00e9diteur se r\u00e9serve le droit de modifier, librement et \u00e0 tout moment, les mentions l\u00e9gales du site. L\u2019utilisation du site constitue l&rsquo;acceptation des mentions l\u00e9gales en vigueur.<\/span><span><\/span><\/p>\n<h3><span>Loi applicable<\/span><\/h3>\n<p><span>Le site\u00a0 www.etikpromotion.com est r\u00e9gi par la loi fran\u00e7aise<\/span><span>.<\/span><\/p>\n<p>[\/et_pb_text][\/et_pb_column][\/et_pb_row][\/et_pb_section]<\/p>\n","protected":false},"excerpt":{"rendered":"<p>\u00a0\u00c9diteur du site EtiK PromotionSi\u00e8ge social : 84 avenue de Verdun &#8211; 93230 ROMAINVILLE Conception Le site est con\u00e7u avec le CMS WordPress H\u00e9bergement\u00a0 La plate-forme technique est fournie par OVH Groupe SA , Si\u00e8ge social : 2 rue Kellermann &#8211; 59100 Roubaix &#8211; France (https:\/\/www.ovhcloud.com\/fr\/) Loi informatique et libert\u00e9s Conform\u00e9ment \u00e0 la loi Informatique [&hellip;]<\/p>\n","protected":false},"author":1,"featured_media":0,"parent":0,"menu_order":0,"comment_status":"closed","ping_status":"closed","template":"","meta":{"_et_pb_use_builder":"on","_et_pb_old_content":"","_et_gb_content_width":"","footnotes":""},"class_list":["post-259","page","type-page","status-publish","hentry"],"_links":{"self":[{"href":"https:\/\/etikpromotion.com\/index.php\/wp-json\/wp\/v2\/pages\/259","targetHints":{"allow":["GET"]}}],"collection":[{"href":"https:\/\/etikpromotion.com\/index.php\/wp-json\/wp\/v2\/pages"}],"about":[{"href":"https:\/\/etikpromotion.com\/index.php\/wp-json\/wp\/v2\/types\/page"}],"author":[{"embeddable":true,"href":"https:\/\/etikpromotion.com\/index.php\/wp-json\/wp\/v2\/users\/1"}],"replies":[{"embeddable":true,"href":"https:\/\/etikpromotion.com\/index.php\/wp-json\/wp\/v2\/comments?post=259"}],"version-history":[{"count":6,"href":"https:\/\/etikpromotion.com\/index.php\/wp-json\/wp\/v2\/pages\/259\/revisions"}],"predecessor-version":[{"id":307,"href":"https:\/\/etikpromotion.com\/index.php\/wp-json\/wp\/v2\/pages\/259\/revisions\/307"}],"wp:attachment":[{"href":"https:\/\/etikpromotion.com\/index.php\/wp-json\/wp\/v2\/media?parent=259"}],"curies":[{"name":"wp","href":"https:\/\/api.w.org\/{rel}","templated":true}]}}